{"id":400,"date":"2020-07-26T15:14:00","date_gmt":"2020-07-26T12:14:00","guid":{"rendered":"http:\/\/localhost\/yegoswebV1\/?page_id=400"},"modified":"2021-10-13T21:36:25","modified_gmt":"2021-10-13T18:36:25","slug":"hakkimizda","status":"publish","type":"page","link":"https:\/\/buldandoyeg.org.tr\/en\/hakkimizda\/","title":{"rendered":"About Us"},"content":{"rendered":"<div class=\"wp-block-image\"><figure class=\"aligncenter size-full\"><img loading=\"lazy\" decoding=\"async\" width=\"600\" height=\"150\" src=\"https:\/\/buldandoyeg.org.tr\/wp-content\/uploads\/2021\/06\/dokulogoblack.jpg\" alt=\"\" class=\"wp-image-822\" srcset=\"https:\/\/buldandoyeg.org.tr\/wp-content\/uploads\/2021\/06\/dokulogoblack.jpg 600w, https:\/\/buldandoyeg.org.tr\/wp-content\/uploads\/2021\/06\/dokulogoblack-300x75.jpg 300w, https:\/\/buldandoyeg.org.tr\/wp-content\/uploads\/2021\/06\/dokulogoblack-16x4.jpg 16w\" sizes=\"auto, (max-width: 600px) 100vw, 600px\" \/><\/figure><\/div>\n\n\n\n<p><strong>Doku Local Action Group Association<\/strong> (DOYEG veya DOKU YEG), kamu, \u00f6zel sekt\u00f6r ve sivil toplum temsilcilerinin ortakl\u0131\u011f\u0131 ile 09.12.2016 tarihinde kurulmu\u015ftur.5253 Say\u0131l\u0131 Dernekler Kanununa tabi olup 20-021-089 k\u00fct\u00fck numaras\u0131 ile kay\u0131t edilmi\u015ftir. 30.11.2018 tarihi itibariyle derne\u011fimizin 86 DERB\u0130S sistemine kay\u0131tl\u0131 \u00fcyesi bulunmaktad\u0131r. Derne\u011fimizin y\u00f6netim kurulu bir ba\u015fkan, bir ba\u015fkan yard\u0131mc\u0131s\u0131, bir dernek sayman\u0131, bir dernek sekreteri ve \u00fc\u00e7 dernek \u00fcyesinden olu\u015fmaktad\u0131r.<br>Karar verme d\u00fczeyinde, ekonomik ve sosyal ortaklar\u0131n yan\u0131 s\u0131ra \u00e7ift\u00e7i, k\u0131rsal kad\u0131n, gen\u00e7 ve dernek gibi sivil toplumun di\u011fer temsilcileri de ortakl\u0131\u011f\u0131n% 50&#8217;sinden fazlas\u0131n\u0131 olu\u015fturmu\u015ftur. Derne\u011fimizin en az% 20&#8217;si yerel y\u00f6netimlerin temsilcilerinden olu\u015fturulmu\u015ftur. YEG&#8217;imizde y\u00f6netim organ\u0131, ya\u015f \u00e7e\u015fitlili\u011fi ve cinsiyet e\u015fitli\u011fini homojen olarak sa\u011flanm\u0131\u015ft\u0131r.<br>Derne\u011fimiz Y\u00f6netim Kurulunda kamu, <em>STK da\u011f\u0131l\u0131m\u0131 g\u00f6zetilmi\u015f olup, iki kad\u0131n ve 25 ya\u015f\u0131ndan k\u00fc\u00e7\u00fck bir \u00fcyemiz yer almaktad\u0131r.<\/em><br>The founding purpose of DOYEG is to carry out activities for the implementation of rural development programs within the boundaries of Buldan district, within the framework of the principles and objectives envisaged in the national development plans, programs and strategies, including the resources provided by the European Union, national and international organizations. In addition to the preparation and implementation of the YKS, DOYEG undertakes the tasks of deciding on the distribution and management of the financial resources of the YKS. Our association became operational with the signing of the contract on 12\/08\/2020.<\/p>","protected":false},"excerpt":{"rendered":"<p>Doku Yerel Eylem Grubu Derne\u011fi (DOYEG veya DOKU YEG), kamu, \u00f6zel sekt\u00f6r ve sivil toplum temsilcilerinin ortakl\u0131\u011f\u0131 ile 09.12.2016 tarihinde kurulmu\u015ftur.5253 Say\u0131l\u0131 Dernekler Kanununa tabi olup 20-021-089 k\u00fct\u00fck numaras\u0131 ile kay\u0131t edilmi\u015ftir. 30.11.2018 tarihi itibariyle derne\u011fimizin 86 DERB\u0130S sistemine kay\u0131tl\u0131 \u00fcyesi bulunmaktad\u0131r. Derne\u011fimizin y\u00f6netim kurulu bir ba\u015fkan, bir ba\u015fkan yard\u0131mc\u0131s\u0131, bir dernek sayman\u0131, bir dernek [&hellip;]<\/p>","protected":false},"author":1,"featured_media":0,"parent":0,"menu_order":0,"comment_status":"closed","ping_status":"closed","template":"","meta":{"footnotes":""},"class_list":["post-400","page","type-page","status-publish","hentry"],"aioseo_notices":[],"_links":{"self":[{"href":"https:\/\/buldandoyeg.org.tr\/en\/wp-json\/wp\/v2\/pages\/400","targetHints":{"allow":["GET"]}}],"collection":[{"href":"https:\/\/buldandoyeg.org.tr\/en\/wp-json\/wp\/v2\/pages"}],"about":[{"href":"https:\/\/buldandoyeg.org.tr\/en\/wp-json\/wp\/v2\/types\/page"}],"author":[{"embeddable":true,"href":"https:\/\/buldandoyeg.org.tr\/en\/wp-json\/wp\/v2\/users\/1"}],"replies":[{"embeddable":true,"href":"https:\/\/buldandoyeg.org.tr\/en\/wp-json\/wp\/v2\/comments?post=400"}],"version-history":[{"count":3,"href":"https:\/\/buldandoyeg.org.tr\/en\/wp-json\/wp\/v2\/pages\/400\/revisions"}],"predecessor-version":[{"id":925,"href":"https:\/\/buldandoyeg.org.tr\/en\/wp-json\/wp\/v2\/pages\/400\/revisions\/925"}],"wp:attachment":[{"href":"https:\/\/buldandoyeg.org.tr\/en\/wp-json\/wp\/v2\/media?parent=400"}],"curies":[{"name":"wp","href":"https:\/\/api.w.org\/{rel}","templated":true}]}}