{"id":732,"date":"2021-06-14T22:02:14","date_gmt":"2021-06-14T19:02:14","guid":{"rendered":"https:\/\/buldandoyeg.org.tr\/?page_id=732"},"modified":"2021-06-14T22:02:14","modified_gmt":"2021-06-14T19:02:14","slug":"vizyon-misyon","status":"publish","type":"page","link":"https:\/\/buldandoyeg.org.tr\/en\/vizyon-misyon\/","title":{"rendered":"Vizyon &#8211; Misyon"},"content":{"rendered":"<p><strong>Vision<\/strong><\/p>\n\n\n\n<p>It is to evaluate the potential of the region together with local actors, to provide rural development and to increase the quality of life of the people of Buldan in this way.<\/p>\n\n\n\n<p><strong>Mission<\/strong><\/p>\n\n\n\n<p>To carry out activities for the implementation of rural development programs financed by national and international resources in order to provide support to increase the welfare of the local people living in rural areas.<\/p>","protected":false},"excerpt":{"rendered":"<p>Vizyon B\u00f6lgenin potansiyelini yerel akt\u00f6rlerle birlikte de\u011ferlendirerek, k\u0131rsal kalk\u0131nmay\u0131 sa\u011flamak ve bu yolla Buldan halk\u0131n\u0131n ya\u015fam kalitesini y\u00fckseltmektir. Misyon K\u0131rsalda ya\u015fayan y\u00f6re halk\u0131n\u0131n refah\u0131n\u0131 art\u0131rmaya y\u00f6nelik destek vermek i\u00e7in ulusal ve uluslararas\u0131 kaynaklarla finanse edilen k\u0131rsal kalk\u0131nma programlar\u0131n\u0131 uygulanmas\u0131na y\u00f6nelik faaliyetleri ger\u00e7ekle\u015ftirmektir.<\/p>","protected":false},"author":1,"featured_media":0,"parent":0,"menu_order":0,"comment_status":"closed","ping_status":"closed","template":"","meta":{"footnotes":""},"class_list":["post-732","page","type-page","status-publish","hentry"],"aioseo_notices":[],"_links":{"self":[{"href":"https:\/\/buldandoyeg.org.tr\/en\/wp-json\/wp\/v2\/pages\/732","targetHints":{"allow":["GET"]}}],"collection":[{"href":"https:\/\/buldandoyeg.org.tr\/en\/wp-json\/wp\/v2\/pages"}],"about":[{"href":"https:\/\/buldandoyeg.org.tr\/en\/wp-json\/wp\/v2\/types\/page"}],"author":[{"embeddable":true,"href":"https:\/\/buldandoyeg.org.tr\/en\/wp-json\/wp\/v2\/users\/1"}],"replies":[{"embeddable":true,"href":"https:\/\/buldandoyeg.org.tr\/en\/wp-json\/wp\/v2\/comments?post=732"}],"version-history":[{"count":1,"href":"https:\/\/buldandoyeg.org.tr\/en\/wp-json\/wp\/v2\/pages\/732\/revisions"}],"predecessor-version":[{"id":733,"href":"https:\/\/buldandoyeg.org.tr\/en\/wp-json\/wp\/v2\/pages\/732\/revisions\/733"}],"wp:attachment":[{"href":"https:\/\/buldandoyeg.org.tr\/en\/wp-json\/wp\/v2\/media?parent=732"}],"curies":[{"name":"wp","href":"https:\/\/api.w.org\/{rel}","templated":true}]}}