{"id":734,"date":"2021-06-14T22:04:21","date_gmt":"2021-06-14T19:04:21","guid":{"rendered":"https:\/\/buldandoyeg.org.tr\/?page_id=734"},"modified":"2021-06-14T22:04:21","modified_gmt":"2021-06-14T19:04:21","slug":"yonetim-kurulu-2","status":"publish","type":"page","link":"https:\/\/buldandoyeg.org.tr\/en\/yonetim-kurulu-2\/","title":{"rendered":"Board of Directors"},"content":{"rendered":"<p><strong>Board of Directors<\/strong><\/p>\n\n\n\n<p>Chairman of the Board \u2013 Serdal U\u011eUR&nbsp;<\/p>\n\n\n\n<p>Vice president \u2013 Naci \u00c7OMUK<\/p>\n\n\n\n<p>Accountant  \u2013 Z\u00fcbeyde D\u00d6NMEZ (Main Member)<\/p>\n\n\n\n<p>Secretary \u2013 Burakcan TU\u011eRUL (Main Member)<\/p>\n\n\n\n<p>Mustafa F. \u015eEV\u0130K (Main Member)<\/p>\n\n\n\n<p>Meryem SALMAN (Main Member)<\/p>\n\n\n\n<p>\u00d6mer \u00d6Z (Main Member)<\/p>\n\n\n\n<p><strong>Manager<\/strong>&nbsp;&#8211; Hivdan Y\u00dcKSEL<\/p>\n\n\n\n<p><strong>Contact<\/strong>:&nbsp;<a href=\"mailto:hivdanyuksel@buldandoyeg.org.tr\">hivdanyuksel@buldandoyeg.org.tr<\/a><\/p>\n\n\n\n<p><strong>Expert<\/strong>&nbsp;&#8211; M\u00fcge KARCIER<\/p>\n\n\n\n<p><strong>Contact<\/strong>:&nbsp;<a href=\"mailto:mugekarcier@buldandoyeg.org.tr\">mugekarcier@buldandoyeg.org.tr<\/a><\/p>","protected":false},"excerpt":{"rendered":"<p>Y\u00f6netim Kurulu Y\u00f6netim Kurulu Ba\u015fkan\u0131 &#8211; Serdal U\u011eUR&nbsp; Ba\u015fkan Yard\u0131mc\u0131s\u0131 &#8211; Naci \u00c7OMUK Sayman &#8211; Z\u00fcbeyde D\u00d6NMEZ (As\u0131l \u00dcye) Sekreter &#8211; Burakcan TU\u011eRUL (As\u0131l \u00dcye) Mustafa F. \u015eEV\u0130K (As\u0131l \u00dcye) Meryem SALMAN (As\u0131l \u00dcye) \u00d6mer \u00d6Z (As\u0131l \u00dcye) M\u00fcd\u00fcr&nbsp;&#8211; Hivdan Y\u00dcKSEL \u0130leti\u015fim:&nbsp;hivdanyuksel@buldandoyeg.org.tr Uzman&nbsp;&#8211; M\u00fcge KARCIER \u0130leti\u015fim:&nbsp;mugekarcier@buldandoyeg.org.tr<\/p>","protected":false},"author":1,"featured_media":0,"parent":0,"menu_order":0,"comment_status":"closed","ping_status":"closed","template":"","meta":{"footnotes":""},"class_list":["post-734","page","type-page","status-publish","hentry"],"aioseo_notices":[],"_links":{"self":[{"href":"https:\/\/buldandoyeg.org.tr\/en\/wp-json\/wp\/v2\/pages\/734","targetHints":{"allow":["GET"]}}],"collection":[{"href":"https:\/\/buldandoyeg.org.tr\/en\/wp-json\/wp\/v2\/pages"}],"about":[{"href":"https:\/\/buldandoyeg.org.tr\/en\/wp-json\/wp\/v2\/types\/page"}],"author":[{"embeddable":true,"href":"https:\/\/buldandoyeg.org.tr\/en\/wp-json\/wp\/v2\/users\/1"}],"replies":[{"embeddable":true,"href":"https:\/\/buldandoyeg.org.tr\/en\/wp-json\/wp\/v2\/comments?post=734"}],"version-history":[{"count":1,"href":"https:\/\/buldandoyeg.org.tr\/en\/wp-json\/wp\/v2\/pages\/734\/revisions"}],"predecessor-version":[{"id":735,"href":"https:\/\/buldandoyeg.org.tr\/en\/wp-json\/wp\/v2\/pages\/734\/revisions\/735"}],"wp:attachment":[{"href":"https:\/\/buldandoyeg.org.tr\/en\/wp-json\/wp\/v2\/media?parent=734"}],"curies":[{"name":"wp","href":"https:\/\/api.w.org\/{rel}","templated":true}]}}