{"id":738,"date":"2021-06-14T22:05:48","date_gmt":"2021-06-14T19:05:48","guid":{"rendered":"https:\/\/buldandoyeg.org.tr\/?page_id=738"},"modified":"2021-06-14T22:05:48","modified_gmt":"2021-06-14T19:05:48","slug":"leader-yaklasimi","status":"publish","type":"page","link":"https:\/\/buldandoyeg.org.tr\/en\/leader-yaklasimi\/","title":{"rendered":"About Leader"},"content":{"rendered":"<p>LEADER (Liason Entre Actions pour le D\u00e9veloppement de L'Economie Rurale) is an abbreviation of the words translated into Turkish as 'Links Between Activities for the Development of the Rural Economy'. This approach first emerged in the EU in 1991 and has become an integral part of rural development policy.<\/p>\n\n\n\n<p>LEADER promotes innovative solutions for rural problems and plays an important role in meeting the needs of local communities. It also means that local actors participate in decision-making processes regarding the projects to be implemented in their regions and the strategy to be realized.<\/p>\n\n\n\n<p>LEADER The overall aim of the measure is to implement the bottom-up local development strategies developed by Local Action Groups (LAGs) based on the LEADER approach.<\/p>\n\n\n\n<p>The LEADER Measure aims to improve the living conditions, develop civil society, facilitate good governance, support employment, develop human resources and increase the satisfaction of those living in rural areas by ensuring the participation of the local community in the rural development process.<\/p>\n\n\n\n<p>\u201c2007-2013 EU Instrument for Pre-Accession Assistance Rural Development\u201d funded by the EU and the Republic of Turkey for the implementation of the LEADER Measure in Turkey.&nbsp;<strong>(IPARD)&nbsp;<\/strong>--<\/p>\n\n\n\n<p>Capacity building activities were initiated in 12 provinces, including Denizli, in 2015, and Local Action Groups were established in certain districts in order to ensure that the LEADER Measure is learned, to encourage the establishment of potential local action groups and the preparation of development strategies at the local level, and to be ready for the implementation of the measure.<\/p>\n\n\n\n<p>For the implementation of the LEADER Measure, a local development strategy is first prepared and the appropriateness of this strategy is observed. Successful adoption of the Local Development Strategy prepared by the Doku Local Action Group Association, a contract was signed with the ARDSI and our association became operational.<\/p>","protected":false},"excerpt":{"rendered":"<p>LEADER (Liason Entre Actions pour le D\u00e9veloppement de L&#8217;Economie Rurale), T\u00fcrk\u00e7eye \u2019K\u0131rsal Ekonominin Kalk\u0131nd\u0131r\u0131lmas\u0131 i\u00e7in Faaliyetler Aras\u0131ndaki Ba\u011flant\u0131lar\u2019 olarak \u00e7evrilen s\u00f6zc\u00fcklerin k\u0131saltmas\u0131ndan olu\u015fmaktad\u0131r. Bu yakla\u015f\u0131m ilk kez AB\u2019de 1991 y\u0131l\u0131nda ortaya \u00e7\u0131km\u0131\u015f ve k\u0131rsal kalk\u0131nma politikas\u0131n\u0131n ayr\u0131lmaz bir par\u00e7as\u0131 haline gelmi\u015ftir. LEADER, k\u0131rsal sorunlar i\u00e7in yenilik\u00e7i \u00e7\u00f6z\u00fcmler \u00fcretilmesini te\u015fvik etmekte ve yerel topluluklar\u0131n ihtiya\u00e7lar\u0131n\u0131 kar\u015f\u0131lamak [&hellip;]<\/p>","protected":false},"author":1,"featured_media":0,"parent":0,"menu_order":0,"comment_status":"closed","ping_status":"closed","template":"","meta":{"footnotes":""},"class_list":["post-738","page","type-page","status-publish","hentry"],"aioseo_notices":[],"_links":{"self":[{"href":"https:\/\/buldandoyeg.org.tr\/en\/wp-json\/wp\/v2\/pages\/738","targetHints":{"allow":["GET"]}}],"collection":[{"href":"https:\/\/buldandoyeg.org.tr\/en\/wp-json\/wp\/v2\/pages"}],"about":[{"href":"https:\/\/buldandoyeg.org.tr\/en\/wp-json\/wp\/v2\/types\/page"}],"author":[{"embeddable":true,"href":"https:\/\/buldandoyeg.org.tr\/en\/wp-json\/wp\/v2\/users\/1"}],"replies":[{"embeddable":true,"href":"https:\/\/buldandoyeg.org.tr\/en\/wp-json\/wp\/v2\/comments?post=738"}],"version-history":[{"count":1,"href":"https:\/\/buldandoyeg.org.tr\/en\/wp-json\/wp\/v2\/pages\/738\/revisions"}],"predecessor-version":[{"id":739,"href":"https:\/\/buldandoyeg.org.tr\/en\/wp-json\/wp\/v2\/pages\/738\/revisions\/739"}],"wp:attachment":[{"href":"https:\/\/buldandoyeg.org.tr\/en\/wp-json\/wp\/v2\/media?parent=738"}],"curies":[{"name":"wp","href":"https:\/\/api.w.org\/{rel}","templated":true}]}}