{"id":741,"date":"2021-06-14T22:07:11","date_gmt":"2021-06-14T19:07:11","guid":{"rendered":"https:\/\/buldandoyeg.org.tr\/?page_id=741"},"modified":"2021-06-14T22:07:11","modified_gmt":"2021-06-14T19:07:11","slug":"yeg-alani","status":"publish","type":"page","link":"https:\/\/buldandoyeg.org.tr\/en\/yeg-alani\/","title":{"rendered":"LAG Zone"},"content":{"rendered":"<p>Denizli\/Buldan, which gained its independence on September 04, 1922,<\/p>\n\n\n\n<p>Geographically, the district is located in the interior of the Aegean Region and is adjacent to G\u00fcney District to the east, Kuyucak to the west, Sar\u0131g\u00f6l to the north and Sarayk\u00f6y to the south.<\/p>\n\n\n\n<p>&nbsp;It is wavy in terms of surface shapes. Low plains and plateaus complement each other. The entire land is above the sea. Buldan plateau descends and reaches Sarayk\u00f6y layer. Other areas of the district are covered with mountains and plateaus.<\/p>\n\n\n\n<p>&nbsp;&nbsp;&nbsp;&nbsp;&nbsp;&nbsp;&nbsp;&nbsp;&nbsp;&nbsp;&nbsp; Altitude of the District Center: 690 m.<\/p>\n\n\n\n<p>&nbsp;&nbsp;&nbsp;&nbsp;&nbsp;&nbsp;&nbsp;&nbsp;&nbsp;&nbsp;&nbsp; Surface Measurement of Our District: 518km2.<\/p>\n\n\n\n<p>&nbsp;&nbsp;&nbsp;&nbsp;&nbsp;&nbsp;&nbsp;&nbsp;&nbsp;&nbsp;&nbsp; Distance to District City Center: 46 km.<\/p>\n\n\n\n<p>Our district consists of 45 neighborhoods in total.<\/p>\n\n\n\n<p>Our total population in the district is 27,241 according to 2018 TUIK data. While our female population is 13,977, our male population is 13,264. 51% of the entire population is female and 49% is male.<\/p>\n\n\n\n<p>The region is a Small-Scale LAG as it is the only region with 27,241 people in our population.<\/p>","protected":false},"excerpt":{"rendered":"<p>04 Eyl\u00fcl 1922 tarihinde ba\u011f\u0131ms\u0131zl\u0131\u011f\u0131na kavu\u015fan Denizli\/Buldan, Co\u011frafi a\u00e7\u0131s\u0131ndan, \u0130l\u00e7e Ege B\u00f6lgesinin i\u00e7 k\u0131sm\u0131nda yer almakta olup, do\u011fuda G\u00fcney \u0130l\u00e7esi, bat\u0131da Kuyucak, kuzeyde Sar\u0131g\u00f6l, g\u00fcneyde Sarayk\u00f6y \u0130l\u00e7eleriyle kom\u015fu bulunmaktad\u0131r. &nbsp;Y\u00fczey \u015fekilleri bak\u0131m\u0131ndan dalgal\u0131d\u0131r. Al\u00e7ak ovalar ve platolar birbirini tamamlar. Arazinin tamam\u0131 denizden y\u00fcksektir. Buldan platosu al\u00e7alarak Sarayk\u00f6y tabakas\u0131na ula\u015f\u0131r. \u0130l\u00e7enin di\u011fer alanlar\u0131 da\u011f ve platolarla [&hellip;]<\/p>","protected":false},"author":1,"featured_media":0,"parent":0,"menu_order":0,"comment_status":"closed","ping_status":"closed","template":"","meta":{"footnotes":""},"class_list":["post-741","page","type-page","status-publish","hentry"],"aioseo_notices":[],"_links":{"self":[{"href":"https:\/\/buldandoyeg.org.tr\/en\/wp-json\/wp\/v2\/pages\/741","targetHints":{"allow":["GET"]}}],"collection":[{"href":"https:\/\/buldandoyeg.org.tr\/en\/wp-json\/wp\/v2\/pages"}],"about":[{"href":"https:\/\/buldandoyeg.org.tr\/en\/wp-json\/wp\/v2\/types\/page"}],"author":[{"embeddable":true,"href":"https:\/\/buldandoyeg.org.tr\/en\/wp-json\/wp\/v2\/users\/1"}],"replies":[{"embeddable":true,"href":"https:\/\/buldandoyeg.org.tr\/en\/wp-json\/wp\/v2\/comments?post=741"}],"version-history":[{"count":1,"href":"https:\/\/buldandoyeg.org.tr\/en\/wp-json\/wp\/v2\/pages\/741\/revisions"}],"predecessor-version":[{"id":742,"href":"https:\/\/buldandoyeg.org.tr\/en\/wp-json\/wp\/v2\/pages\/741\/revisions\/742"}],"wp:attachment":[{"href":"https:\/\/buldandoyeg.org.tr\/en\/wp-json\/wp\/v2\/media?parent=741"}],"curies":[{"name":"wp","href":"https:\/\/api.w.org\/{rel}","templated":true}]}}